{"id":29924,"date":"2025-08-22T07:26:14","date_gmt":"2025-08-22T07:26:14","guid":{"rendered":"https:\/\/laren.webonalti.net\/sertifikalar\/"},"modified":"2025-09-30T12:16:03","modified_gmt":"2025-09-30T12:16:03","slug":"sertifikalar","status":"publish","type":"page","link":"https:\/\/www.larenmuhendislik.com\/en\/sertifikalar\/","title":{"rendered":"Certificates"},"content":{"rendered":"\t\t<div data-elementor-type=\"wp-page\" data-elementor-id=\"29924\" class=\"elementor elementor-29924\">\n\t\t\t\t\t\t<section class=\"elementor-section elementor-top-section elementor-element elementor-element-23943078 elementor-section-content-middle elementor-section-boxed elementor-section-height-default elementor-section-height-default sc_fly_static\" data-id=\"23943078\" data-element_type=\"section\" data-e-type=\"section\">\n\t\t\t\t\t\t<div class=\"elementor-container elementor-column-gap-extended\">\n\t\t\t\t\t<div class=\"elementor-column elementor-col-100 elementor-top-column elementor-element elementor-element-43a12a25 sc_inner_width_none sc_content_align_inherit sc_layouts_column_icons_position_left sc_fly_static\" data-id=\"43a12a25\" data-element_type=\"column\" data-e-type=\"column\">\n\t\t\t<div class=\"elementor-widget-wrap elementor-element-populated\">\n\t\t\t\t\t\t<div class=\"elementor-element elementor-element-13f1989 sc_fly_static elementor-widget elementor-widget-spacer\" data-id=\"13f1989\" data-element_type=\"widget\" data-e-type=\"widget\" data-widget_type=\"spacer.default\">\n\t\t\t\t<div class=\"elementor-widget-container\">\n\t\t\t\t\t\t\t<div class=\"elementor-spacer\">\n\t\t\t<div class=\"elementor-spacer-inner\"><\/div>\n\t\t<\/div>\n\t\t\t\t\t\t<\/div>\n\t\t\t\t<\/div>\n\t\t\t\t<div class=\"elementor-element elementor-element-16a1247 gallery-spacing-custom sc_fly_static elementor-widget elementor-widget-image-gallery\" data-id=\"16a1247\" data-element_type=\"widget\" data-e-type=\"widget\" data-widget_type=\"image-gallery.default\">\n\t\t\t\t<div class=\"elementor-widget-container\">\n\t\t\t\t\t\t\t<div class=\"elementor-image-gallery\">\n\t\t\t<div id='gallery-1' class='gallery galleryid-29924 gallery-columns-2 gallery-size-full'><figure class='gallery-item'>\n\t\t\t<div class='gallery-icon landscape'>\n\t\t\t\t<a data-elementor-open-lightbox=\"yes\" data-elementor-lightbox-slideshow=\"16a1247\" data-elementor-lightbox-title=\"YETK\u0130L\u0130 SERV\u0130S-3\" data-e-action-hash=\"#elementor-action%3Aaction%3Dlightbox%26settings%3DeyJpZCI6Mjk5MTEsInVybCI6Imh0dHBzOlwvXC93d3cubGFyZW5tdWhlbmRpc2xpay5jb21cL3dwLWNvbnRlbnRcL3VwbG9hZHNcLzIwMjVcLzA4XC9ZRVRLSUxJLVNFUlZJUy0zLWUxNzU1ODQ3Njg2NzI5LmpwZyIsInNsaWRlc2hvdyI6IjE2YTEyNDcifQ%3D%3D\" href='https:\/\/www.larenmuhendislik.com\/wp-content\/uploads\/2025\/08\/YETKILI-SERVIS-3-e1755847686729.jpg'><img fetchpriority=\"high\" decoding=\"async\" width=\"2336\" height=\"1702\" src=\"https:\/\/www.larenmuhendislik.com\/wp-content\/uploads\/2025\/08\/YETKILI-SERVIS-3-e1755847686729.jpg\" class=\"attachment-full size-full\" alt=\"\" srcset=\"https:\/\/www.larenmuhendislik.com\/wp-content\/uploads\/2025\/08\/YETKILI-SERVIS-3-e1755847686729.jpg 2336w, https:\/\/www.larenmuhendislik.com\/wp-content\/uploads\/2025\/08\/YETKILI-SERVIS-3-e1755847686729-300x219.jpg 300w, https:\/\/www.larenmuhendislik.com\/wp-content\/uploads\/2025\/08\/YETKILI-SERVIS-3-e1755847686729-1024x746.jpg 1024w, https:\/\/www.larenmuhendislik.com\/wp-content\/uploads\/2025\/08\/YETKILI-SERVIS-3-e1755847686729-768x560.jpg 768w, https:\/\/www.larenmuhendislik.com\/wp-content\/uploads\/2025\/08\/YETKILI-SERVIS-3-e1755847686729-1536x1119.jpg 1536w, https:\/\/www.larenmuhendislik.com\/wp-content\/uploads\/2025\/08\/YETKILI-SERVIS-3-e1755847686729-2048x1492.jpg 2048w, https:\/\/www.larenmuhendislik.com\/wp-content\/uploads\/2025\/08\/YETKILI-SERVIS-3-e1755847686729-370x270.jpg 370w, https:\/\/www.larenmuhendislik.com\/wp-content\/uploads\/2025\/08\/YETKILI-SERVIS-3-e1755847686729-840x612.jpg 840w, https:\/\/www.larenmuhendislik.com\/wp-content\/uploads\/2025\/08\/YETKILI-SERVIS-3-e1755847686729-410x299.jpg 410w\" sizes=\"(max-width: 2336px) 100vw, 2336px\" \/><\/a>\n\t\t\t<\/div><\/figure><figure class='gallery-item'>\n\t\t\t<div class='gallery-icon landscape'>\n\t\t\t\t<a data-elementor-open-lightbox=\"yes\" data-elementor-lightbox-slideshow=\"16a1247\" data-elementor-lightbox-title=\"YETK\u0130L\u0130 SERV\u0130S-1\" data-e-action-hash=\"#elementor-action%3Aaction%3Dlightbox%26settings%3DeyJpZCI6Mjk5MTMsInVybCI6Imh0dHBzOlwvXC93d3cubGFyZW5tdWhlbmRpc2xpay5jb21cL3dwLWNvbnRlbnRcL3VwbG9hZHNcLzIwMjVcLzA4XC9ZRVRLSUxJLVNFUlZJUy0xLWUxNzU1ODQ3Njk5NDAzLmpwZyIsInNsaWRlc2hvdyI6IjE2YTEyNDcifQ%3D%3D\" href='https:\/\/www.larenmuhendislik.com\/wp-content\/uploads\/2025\/08\/YETKILI-SERVIS-1-e1755847699403.jpg'><img decoding=\"async\" width=\"2336\" height=\"1702\" src=\"https:\/\/www.larenmuhendislik.com\/wp-content\/uploads\/2025\/08\/YETKILI-SERVIS-1-e1755847699403.jpg\" class=\"attachment-full size-full\" alt=\"\" srcset=\"https:\/\/www.larenmuhendislik.com\/wp-content\/uploads\/2025\/08\/YETKILI-SERVIS-1-e1755847699403.jpg 2336w, https:\/\/www.larenmuhendislik.com\/wp-content\/uploads\/2025\/08\/YETKILI-SERVIS-1-e1755847699403-300x219.jpg 300w, https:\/\/www.larenmuhendislik.com\/wp-content\/uploads\/2025\/08\/YETKILI-SERVIS-1-e1755847699403-1024x746.jpg 1024w, https:\/\/www.larenmuhendislik.com\/wp-content\/uploads\/2025\/08\/YETKILI-SERVIS-1-e1755847699403-768x560.jpg 768w, https:\/\/www.larenmuhendislik.com\/wp-content\/uploads\/2025\/08\/YETKILI-SERVIS-1-e1755847699403-1536x1119.jpg 1536w, https:\/\/www.larenmuhendislik.com\/wp-content\/uploads\/2025\/08\/YETKILI-SERVIS-1-e1755847699403-2048x1492.jpg 2048w, https:\/\/www.larenmuhendislik.com\/wp-content\/uploads\/2025\/08\/YETKILI-SERVIS-1-e1755847699403-370x270.jpg 370w, https:\/\/www.larenmuhendislik.com\/wp-content\/uploads\/2025\/08\/YETKILI-SERVIS-1-e1755847699403-840x612.jpg 840w, https:\/\/www.larenmuhendislik.com\/wp-content\/uploads\/2025\/08\/YETKILI-SERVIS-1-e1755847699403-410x299.jpg 410w\" sizes=\"(max-width: 2336px) 100vw, 2336px\" \/><\/a>\n\t\t\t<\/div><\/figure><figure class='gallery-item'>\n\t\t\t<div class='gallery-icon landscape'>\n\t\t\t\t<a data-elementor-open-lightbox=\"yes\" data-elementor-lightbox-slideshow=\"16a1247\" data-elementor-lightbox-title=\"YETK\u0130L\u0130 SERV\u0130S-2\" data-e-action-hash=\"#elementor-action%3Aaction%3Dlightbox%26settings%3DeyJpZCI6Mjk5MTUsInVybCI6Imh0dHBzOlwvXC93d3cubGFyZW5tdWhlbmRpc2xpay5jb21cL3dwLWNvbnRlbnRcL3VwbG9hZHNcLzIwMjVcLzA4XC9ZRVRLSUxJLVNFUlZJUy0yLWUxNzU1ODQ3NzE0NTAwLmpwZyIsInNsaWRlc2hvdyI6IjE2YTEyNDcifQ%3D%3D\" href='https:\/\/www.larenmuhendislik.com\/wp-content\/uploads\/2025\/08\/YETKILI-SERVIS-2-e1755847714500.jpg'><img decoding=\"async\" width=\"2336\" height=\"1702\" src=\"https:\/\/www.larenmuhendislik.com\/wp-content\/uploads\/2025\/08\/YETKILI-SERVIS-2-e1755847714500.jpg\" class=\"attachment-full size-full\" alt=\"\" srcset=\"https:\/\/www.larenmuhendislik.com\/wp-content\/uploads\/2025\/08\/YETKILI-SERVIS-2-e1755847714500.jpg 2336w, https:\/\/www.larenmuhendislik.com\/wp-content\/uploads\/2025\/08\/YETKILI-SERVIS-2-e1755847714500-300x219.jpg 300w, https:\/\/www.larenmuhendislik.com\/wp-content\/uploads\/2025\/08\/YETKILI-SERVIS-2-e1755847714500-1024x746.jpg 1024w, https:\/\/www.larenmuhendislik.com\/wp-content\/uploads\/2025\/08\/YETKILI-SERVIS-2-e1755847714500-768x560.jpg 768w, https:\/\/www.larenmuhendislik.com\/wp-content\/uploads\/2025\/08\/YETKILI-SERVIS-2-e1755847714500-1536x1119.jpg 1536w, https:\/\/www.larenmuhendislik.com\/wp-content\/uploads\/2025\/08\/YETKILI-SERVIS-2-e1755847714500-2048x1492.jpg 2048w, https:\/\/www.larenmuhendislik.com\/wp-content\/uploads\/2025\/08\/YETKILI-SERVIS-2-e1755847714500-370x270.jpg 370w, https:\/\/www.larenmuhendislik.com\/wp-content\/uploads\/2025\/08\/YETKILI-SERVIS-2-e1755847714500-840x612.jpg 840w, https:\/\/www.larenmuhendislik.com\/wp-content\/uploads\/2025\/08\/YETKILI-SERVIS-2-e1755847714500-410x299.jpg 410w\" sizes=\"(max-width: 2336px) 100vw, 2336px\" \/><\/a>\n\t\t\t<\/div><\/figure><figure class='gallery-item'>\n\t\t\t<div class='gallery-icon landscape'>\n\t\t\t\t<a data-elementor-open-lightbox=\"yes\" data-elementor-lightbox-slideshow=\"16a1247\" data-elementor-lightbox-title=\"WhatsApp Image 2025-08-22 at 10.26.34\" data-e-action-hash=\"#elementor-action%3Aaction%3Dlightbox%26settings%3DeyJpZCI6Mjk5MTcsInVybCI6Imh0dHBzOlwvXC93d3cubGFyZW5tdWhlbmRpc2xpay5jb21cL3dwLWNvbnRlbnRcL3VwbG9hZHNcLzIwMjVcLzA4XC9XaGF0c0FwcC1JbWFnZS0yMDI1LTA4LTIyLWF0LTEwLjI2LjM0LmpwZWciLCJzbGlkZXNob3ciOiIxNmExMjQ3In0%3D\" href='https:\/\/www.larenmuhendislik.com\/wp-content\/uploads\/2025\/08\/WhatsApp-Image-2025-08-22-at-10.26.34.jpeg'><img loading=\"lazy\" decoding=\"async\" width=\"1600\" height=\"1112\" src=\"https:\/\/www.larenmuhendislik.com\/wp-content\/uploads\/2025\/08\/WhatsApp-Image-2025-08-22-at-10.26.34.jpeg\" class=\"attachment-full size-full\" alt=\"\" srcset=\"https:\/\/www.larenmuhendislik.com\/wp-content\/uploads\/2025\/08\/WhatsApp-Image-2025-08-22-at-10.26.34.jpeg 1600w, https:\/\/www.larenmuhendislik.com\/wp-content\/uploads\/2025\/08\/WhatsApp-Image-2025-08-22-at-10.26.34-300x209.jpeg 300w, https:\/\/www.larenmuhendislik.com\/wp-content\/uploads\/2025\/08\/WhatsApp-Image-2025-08-22-at-10.26.34-1024x712.jpeg 1024w, https:\/\/www.larenmuhendislik.com\/wp-content\/uploads\/2025\/08\/WhatsApp-Image-2025-08-22-at-10.26.34-768x534.jpeg 768w, https:\/\/www.larenmuhendislik.com\/wp-content\/uploads\/2025\/08\/WhatsApp-Image-2025-08-22-at-10.26.34-1536x1068.jpeg 1536w, https:\/\/www.larenmuhendislik.com\/wp-content\/uploads\/2025\/08\/WhatsApp-Image-2025-08-22-at-10.26.34-370x257.jpeg 370w, https:\/\/www.larenmuhendislik.com\/wp-content\/uploads\/2025\/08\/WhatsApp-Image-2025-08-22-at-10.26.34-840x584.jpeg 840w, https:\/\/www.larenmuhendislik.com\/wp-content\/uploads\/2025\/08\/WhatsApp-Image-2025-08-22-at-10.26.34-410x285.jpeg 410w\" sizes=\"(max-width: 1600px) 100vw, 1600px\" \/><\/a>\n\t\t\t<\/div><\/figure><figure class='gallery-item'>\n\t\t\t<div class='gallery-icon portrait'>\n\t\t\t\t<a data-elementor-open-lightbox=\"yes\" data-elementor-lightbox-slideshow=\"16a1247\" data-elementor-lightbox-title=\"TSE 13905_page-0001\" data-e-action-hash=\"#elementor-action%3Aaction%3Dlightbox%26settings%3DeyJpZCI6MzAyNzAsInVybCI6Imh0dHBzOlwvXC93d3cubGFyZW5tdWhlbmRpc2xpay5jb21cL3dwLWNvbnRlbnRcL3VwbG9hZHNcLzIwMjVcLzA5XC9UU0UtMTM5MDVfcGFnZS0wMDAxLTEuanBnIiwic2xpZGVzaG93IjoiMTZhMTI0NyJ9\" href='https:\/\/www.larenmuhendislik.com\/wp-content\/uploads\/2025\/09\/TSE-13905_page-0001-1.jpg'><img loading=\"lazy\" decoding=\"async\" width=\"1276\" height=\"1752\" src=\"https:\/\/www.larenmuhendislik.com\/wp-content\/uploads\/2025\/09\/TSE-13905_page-0001-1.jpg\" class=\"attachment-full size-full\" alt=\"\" srcset=\"https:\/\/www.larenmuhendislik.com\/wp-content\/uploads\/2025\/09\/TSE-13905_page-0001-1.jpg 1276w, https:\/\/www.larenmuhendislik.com\/wp-content\/uploads\/2025\/09\/TSE-13905_page-0001-1-218x300.jpg 218w, https:\/\/www.larenmuhendislik.com\/wp-content\/uploads\/2025\/09\/TSE-13905_page-0001-1-746x1024.jpg 746w, https:\/\/www.larenmuhendislik.com\/wp-content\/uploads\/2025\/09\/TSE-13905_page-0001-1-768x1054.jpg 768w, https:\/\/www.larenmuhendislik.com\/wp-content\/uploads\/2025\/09\/TSE-13905_page-0001-1-1119x1536.jpg 1119w, https:\/\/www.larenmuhendislik.com\/wp-content\/uploads\/2025\/09\/TSE-13905_page-0001-1-370x508.jpg 370w, https:\/\/www.larenmuhendislik.com\/wp-content\/uploads\/2025\/09\/TSE-13905_page-0001-1-840x1153.jpg 840w, https:\/\/www.larenmuhendislik.com\/wp-content\/uploads\/2025\/09\/TSE-13905_page-0001-1-410x563.jpg 410w\" sizes=\"(max-width: 1276px) 100vw, 1276px\" \/><\/a>\n\t\t\t<\/div><\/figure>\n\t\t<\/div>\n\t\t<\/div>\n\t\t\t\t\t\t<\/div>\n\t\t\t\t<\/div>\n\t\t\t\t<div class=\"elementor-element elementor-element-6ba49e06 sc_layouts_hide_on_mobile sc_fly_static elementor-widget elementor-widget-spacer\" data-id=\"6ba49e06\" data-element_type=\"widget\" data-e-type=\"widget\" data-widget_type=\"spacer.default\">\n\t\t\t\t<div class=\"elementor-widget-container\">\n\t\t\t\t\t\t\t<div class=\"elementor-spacer\">\n\t\t\t<div class=\"elementor-spacer-inner\"><\/div>\n\t\t<\/div>\n\t\t\t\t\t\t<\/div>\n\t\t\t\t<\/div>\n\t\t\t\t<div class=\"elementor-element elementor-element-5f4c1540 sc_height_small sc_layouts_hide_on_mobile sc_fly_static elementor-widget elementor-widget-spacer\" data-id=\"5f4c1540\" data-element_type=\"widget\" data-e-type=\"widget\" data-widget_type=\"spacer.default\">\n\t\t\t\t<div class=\"elementor-widget-container\">\n\t\t\t\t\t\t\t<div class=\"elementor-spacer\">\n\t\t\t<div class=\"elementor-spacer-inner\"><\/div>\n\t\t<\/div>\n\t\t\t\t\t\t<\/div>\n\t\t\t\t<\/div>\n\t\t\t\t<div class=\"elementor-element elementor-element-4d6982ef sc_height_medium sc_layouts_hide_on_wide sc_layouts_hide_on_desktop sc_layouts_hide_on_notebook sc_layouts_hide_on_tablet sc_fly_static elementor-widget elementor-widget-spacer\" data-id=\"4d6982ef\" data-element_type=\"widget\" data-e-type=\"widget\" data-widget_type=\"spacer.default\">\n\t\t\t\t<div class=\"elementor-widget-container\">\n\t\t\t\t\t\t\t<div class=\"elementor-spacer\">\n\t\t\t<div class=\"elementor-spacer-inner\"><\/div>\n\t\t<\/div>\n\t\t\t\t\t\t<\/div>\n\t\t\t\t<\/div>\n\t\t\t\t\t<\/div>\n\t\t<\/div>\n\t\t\t\t\t<\/div>\n\t\t<\/section>\n\t\t\t\t<\/div>\n\t\t","protected":false},"excerpt":{"rendered":"","protected":false},"author":1,"featured_media":0,"parent":0,"menu_order":0,"comment_status":"closed","ping_status":"closed","template":"","meta":{"footnotes":""},"class_list":["post-29924","page","type-page","status-publish","hentry"],"aioseo_notices":[],"_links":{"self":[{"href":"https:\/\/www.larenmuhendislik.com\/en\/wp-json\/wp\/v2\/pages\/29924","targetHints":{"allow":["GET"]}}],"collection":[{"href":"https:\/\/www.larenmuhendislik.com\/en\/wp-json\/wp\/v2\/pages"}],"about":[{"href":"https:\/\/www.larenmuhendislik.com\/en\/wp-json\/wp\/v2\/types\/page"}],"author":[{"embeddable":true,"href":"https:\/\/www.larenmuhendislik.com\/en\/wp-json\/wp\/v2\/users\/1"}],"replies":[{"embeddable":true,"href":"https:\/\/www.larenmuhendislik.com\/en\/wp-json\/wp\/v2\/comments?post=29924"}],"version-history":[{"count":7,"href":"https:\/\/www.larenmuhendislik.com\/en\/wp-json\/wp\/v2\/pages\/29924\/revisions"}],"predecessor-version":[{"id":30274,"href":"https:\/\/www.larenmuhendislik.com\/en\/wp-json\/wp\/v2\/pages\/29924\/revisions\/30274"}],"wp:attachment":[{"href":"https:\/\/www.larenmuhendislik.com\/en\/wp-json\/wp\/v2\/media?parent=29924"}],"curies":[{"name":"wp","href":"https:\/\/api.w.org\/{rel}","templated":true}]}}